{"id":8631,"date":"2025-09-19T22:14:03","date_gmt":"2025-09-19T20:14:03","guid":{"rendered":"https:\/\/fencia.es\/info\/?page_id=8631"},"modified":"2025-10-14T15:38:33","modified_gmt":"2025-10-14T13:38:33","slug":"guias-inversion-inmobiliaria","status":"publish","type":"page","link":"https:\/\/fencia.es\/info\/guias-inversion-inmobiliaria\/","title":{"rendered":"Gu\u00edas de inversi\u00f3n inmobiliaria"},"content":{"rendered":"<p><div class=\"fusion-fullwidth fullwidth-box fusion-builder-row-1 fusion-flex-container has-pattern-background has-mask-background fusion-parallax-none nonhundred-percent-fullwidth non-hundred-percent-height-scrolling lazyload\" style=\"--awb-border-radius-top-left:0px;--awb-border-radius-top-right:0px;--awb-border-radius-bottom-right:0px;--awb-border-radius-bottom-left:0px;--awb-padding-bottom:0px;--awb-margin-top:0%;--awb-margin-bottom:0%;--awb-background-color:var(--awb-color2);--awb-background-image:linear-gradient(180deg, var(--awb-color8) 0%,hsla(var(--awb-color1-h),var(--awb-color1-s),var(--awb-color1-l),calc(var(--awb-color1-a) - 100%)) 100%);;--awb-background-size:cover;--awb-flex-wrap:wrap;\" data-bg=\"https:\/\/fencia.es\/info\/wp-content\/uploads\/2025\/09\/Cesion-de-Remate-4-scaled.jpg\" data-bg-gradient=\"linear-gradient(180deg, var(--awb-color8) 0%,hsla(var(--awb-color1-h),var(--awb-color1-s),var(--awb-color1-l),calc(var(--awb-color1-a) - 100%)) 100%)\" ><div class=\"fusion-builder-row fusion-row fusion-flex-align-items-flex-start fusion-flex-content-wrap\" style=\"max-width:1248px;margin-left: calc(-4% \/ 2 );margin-right: calc(-4% \/ 2 );\"><div class=\"fusion-layout-column fusion_builder_column fusion-builder-column-0 fusion_builder_column_1_1 1_1 fusion-flex-column\" style=\"--awb-bg-size:cover;--awb-width-large:100%;--awb-margin-top-large:10%;--awb-spacing-right-large:1.92%;--awb-margin-bottom-large:10%;--awb-spacing-left-large:1.92%;--awb-width-medium:100%;--awb-order-medium:0;--awb-spacing-right-medium:1.92%;--awb-spacing-left-medium:1.92%;--awb-width-small:100%;--awb-order-small:0;--awb-spacing-right-small:1.92%;--awb-spacing-left-small:1.92%;\"><div class=\"fusion-column-wrapper fusion-column-has-shadow fusion-flex-justify-content-flex-start fusion-content-layout-column\"><div class=\"fusion-title title fusion-title-1 fusion-sep-none fusion-title-center fusion-title-text fusion-title-size-one\" style=\"--awb-text-color:var(--awb-color2);--awb-font-size:45px;\"><h1 class=\"fusion-title-heading title-heading-center fusion-responsive-typography-calculated\" style=\"font-family:&quot;Roboto Condensed&quot;;font-style:normal;font-weight:700;margin:0;font-size:1em;text-transform:none;--fontSize:45;line-height:var(--awb-typography1-line-height);\">Gu\u00edas de inversi\u00f3n inmobiliaria<\/h1><\/div><\/div><\/div><\/div><\/div><div class=\"fusion-fullwidth fullwidth-box fusion-builder-row-2 fusion-flex-container has-pattern-background has-mask-background nonhundred-percent-fullwidth non-hundred-percent-height-scrolling\" style=\"--link_hover_color: #278b77;--link_color: #278b77;--awb-background-position:right top;--awb-background-blend-mode:overlay;--awb-border-color:#ffffff;--awb-border-radius-top-left:0px;--awb-border-radius-top-right:0px;--awb-border-radius-bottom-right:0px;--awb-border-radius-bottom-left:0px;--awb-padding-top:20px;--awb-padding-bottom:35px;--awb-padding-top-medium:0px;--awb-padding-bottom-medium:90px;--awb-padding-top-small:0px;--awb-padding-bottom-small:80px;--awb-margin-bottom-medium:0px;--awb-background-color:var(--awb-color6);--awb-flex-wrap:wrap;\" ><div class=\"fusion-builder-row fusion-row fusion-flex-align-items-center fusion-flex-content-wrap\" style=\"max-width:1248px;margin-left: calc(-4% \/ 2 );margin-right: calc(-4% \/ 2 );\"><div class=\"fusion-layout-column fusion_builder_column fusion-builder-column-1 fusion_builder_column_1_1 1_1 fusion-flex-column\" style=\"--awb-padding-top:22px;--awb-padding-right:25px;--awb-padding-bottom:22px;--awb-padding-left:25px;--awb-overflow:hidden;--awb-bg-color:var(--awb-color2);--awb-bg-color-hover:var(--awb-color2);--awb-bg-size:cover;--awb-border-radius:10px 10px 10px 10px;--awb-width-large:100%;--awb-margin-top-large:16px;--awb-spacing-right-large:1.92%;--awb-margin-bottom-large:16px;--awb-spacing-left-large:1.92%;--awb-width-medium:100%;--awb-order-medium:0;--awb-spacing-right-medium:1.92%;--awb-spacing-left-medium:1.92%;--awb-width-small:100%;--awb-order-small:0;--awb-spacing-right-small:1.92%;--awb-spacing-left-small:1.92%;\" data-scroll-devices=\"small-visibility,medium-visibility,large-visibility\"><div class=\"fusion-column-wrapper fusion-column-has-shadow fusion-flex-justify-content-flex-start fusion-content-layout-column\"><div class=\"fusion-title title fusion-title-2 fusion-sep-none fusion-title-text fusion-title-size-two\" style=\"--awb-margin-top:1%;--awb-margin-bottom:1%;--awb-font-size:20px;\"><h2 class=\"fusion-title-heading title-heading-left fusion-responsive-typography-calculated\" style=\"font-family:&quot;Inter&quot;;font-style:normal;font-weight:700;margin:0;font-size:1em;text-transform:none;--fontSize:20;line-height:1.18;\">Lo que necesitas saber antes de invertir en NPLs, cesiones de remate y subastas judiciales<\/h2><\/div><div class=\"fusion-text fusion-text-1 fusion-text-no-margin\" style=\"--awb-content-alignment:justify;--awb-font-size:15px;--awb-line-height:1.5;--awb-text-transform:none;--awb-text-color:var(--awb-color5);--awb-margin-top:1%;--awb-margin-bottom:1%;--awb-text-font-family:&quot;Inter&quot;;--awb-text-font-style:normal;--awb-text-font-weight:400;\"><p>La inversi\u00f3n financiera e inmobiliaria alternativa puede ser altamente rentable, pero exige conocimiento y preparaci\u00f3n. En Fencia nos comprometemos a acompa\u00f1ar a nuestros inversores, ofreci\u00e9ndoles las herramientas y la informaci\u00f3n necesarias para que puedan actuar con autonom\u00eda y seguridad.<\/p>\n<\/div><div class=\"fusion-builder-row fusion-builder-row-inner fusion-row fusion-flex-align-items-center fusion-flex-content-wrap\" style=\"width:104% !important;max-width:104% !important;margin-left: calc(-4% \/ 2 );margin-right: calc(-4% \/ 2 );\"><div class=\"fusion-layout-column fusion_builder_column_inner fusion-builder-nested-column-0 fusion_builder_column_inner_1_3 1_3 fusion-flex-column fusion-flex-align-self-stretch\" style=\"--awb-bg-size:cover;--awb-width-large:33.333333333333%;--awb-margin-top-large:16px;--awb-spacing-right-large:5.76%;--awb-margin-bottom-large:0px;--awb-spacing-left-large:5.76%;--awb-width-medium:33.333333333333%;--awb-order-medium:0;--awb-spacing-right-medium:5.76%;--awb-spacing-left-medium:5.76%;--awb-width-small:100%;--awb-order-small:0;--awb-spacing-right-small:1.92%;--awb-spacing-left-small:1.92%;\"><div class=\"fusion-column-wrapper fusion-column-has-shadow fusion-flex-justify-content-flex-start fusion-content-layout-column\"><div class=\"fusion-image-element \" style=\"text-align:center;--awb-margin-bottom:1%;--awb-caption-title-font-family:var(--h2_typography-font-family);--awb-caption-title-font-weight:var(--h2_typography-font-weight);--awb-caption-title-font-style:var(--h2_typography-font-style);--awb-caption-title-size:var(--h2_typography-font-size);--awb-caption-title-transform:var(--h2_typography-text-transform);--awb-caption-title-line-height:var(--h2_typography-line-height);--awb-caption-title-letter-spacing:var(--h2_typography-letter-spacing);\"><span class=\" fusion-imageframe imageframe-none imageframe-1 hover-type-zoomin\" style=\"border-radius:10px;\"><a class=\"fusion-no-lightbox\" href=\"https:\/\/fencia.es\/info\/guias-inversion\/creditos-impagados\" target=\"_blank\" aria-label=\"Gu\u00eda de inversi\u00f3n en NPLs\" rel=\"noopener noreferrer\"><img decoding=\"async\" width=\"1000\" height=\"500\" alt=\"Gu\u00eda de inversi\u00f3n en NPLs\" src=\"https:\/\/fencia.es\/info\/wp-content\/uploads\/2025\/09\/Guia-de-inversion-en-NPLs.jpg\" data-orig-src=\"https:\/\/fencia.es\/info\/wp-content\/uploads\/2025\/09\/Guia-de-inversion-en-NPLs.jpg\" class=\"lazyload img-responsive wp-image-9317\" srcset=\"data:image\/svg+xml,%3Csvg%20xmlns%3D%27http%3A%2F%2Fwww.w3.org%2F2000%2Fsvg%27%20width%3D%271000%27%20height%3D%27500%27%20viewBox%3D%270%200%201000%20500%27%3E%3Crect%20width%3D%271000%27%20height%3D%27500%27%20fill-opacity%3D%220%22%2F%3E%3C%2Fsvg%3E\" data-srcset=\"https:\/\/fencia.es\/info\/wp-content\/uploads\/2025\/09\/Guia-de-inversion-en-NPLs-200x100.jpg 200w, https:\/\/fencia.es\/info\/wp-content\/uploads\/2025\/09\/Guia-de-inversion-en-NPLs-400x200.jpg 400w, https:\/\/fencia.es\/info\/wp-content\/uploads\/2025\/09\/Guia-de-inversion-en-NPLs-600x300.jpg 600w, https:\/\/fencia.es\/info\/wp-content\/uploads\/2025\/09\/Guia-de-inversion-en-NPLs-800x400.jpg 800w, https:\/\/fencia.es\/info\/wp-content\/uploads\/2025\/09\/Guia-de-inversion-en-NPLs.jpg 1000w\" data-sizes=\"auto\" data-orig-sizes=\"(max-width: 640px) 100vw, 400px\" \/><\/a><\/span><\/div><div class=\"fusion-text fusion-text-2\" style=\"--awb-content-alignment:justify;--awb-font-size:15px;--awb-line-height:1.5;--awb-text-transform:none;--awb-text-color:var(--awb-color5);--awb-margin-top:2%;--awb-text-font-family:&quot;Inter&quot;;--awb-text-font-style:normal;--awb-text-font-weight:400;\"><p>Descubre el proceso completo de una inversi\u00f3n en npls (deuda hipotecaria). Entender cada fase es crucial para una inversi\u00f3n exitosa, asegurando la rentabilidad deseada.<\/p>\n<\/div><div style=\"text-align:center;\"><a class=\"fusion-button button-flat fusion-button-default-size button-default fusion-button-default button-1 fusion-button-default-span fusion-button-default-type\" style=\"--button_text_transform:none;--button_typography-font-family:&quot;Inter&quot;;--button_typography-font-style:normal;--button_typography-font-weight:400;--button_margin-top:3%;\" target=\"_self\" href=\"https:\/\/fencia.es\/info\/guias-inversion\/creditos-impagados\"><span class=\"fusion-button-text awb-button__text awb-button__text--default\">Leer la Gu\u00eda de Inversi\u00f3n<\/span><\/a><\/div><\/div><\/div><div class=\"fusion-layout-column fusion_builder_column_inner fusion-builder-nested-column-1 fusion_builder_column_inner_1_3 1_3 fusion-flex-column fusion-flex-align-self-stretch\" style=\"--awb-bg-size:cover;--awb-width-large:33.333333333333%;--awb-margin-top-large:16px;--awb-spacing-right-large:5.76%;--awb-margin-bottom-large:16px;--awb-spacing-left-large:5.76%;--awb-width-medium:33.333333333333%;--awb-order-medium:0;--awb-spacing-right-medium:5.76%;--awb-spacing-left-medium:5.76%;--awb-width-small:100%;--awb-order-small:0;--awb-spacing-right-small:1.92%;--awb-spacing-left-small:1.92%;\"><div class=\"fusion-column-wrapper fusion-column-has-shadow fusion-flex-justify-content-flex-start fusion-content-layout-column\"><div class=\"fusion-image-element \" style=\"text-align:center;--awb-margin-bottom:1%;--awb-caption-title-font-family:var(--h2_typography-font-family);--awb-caption-title-font-weight:var(--h2_typography-font-weight);--awb-caption-title-font-style:var(--h2_typography-font-style);--awb-caption-title-size:var(--h2_typography-font-size);--awb-caption-title-transform:var(--h2_typography-text-transform);--awb-caption-title-line-height:var(--h2_typography-line-height);--awb-caption-title-letter-spacing:var(--h2_typography-letter-spacing);\"><span class=\" fusion-imageframe imageframe-none imageframe-2 hover-type-zoomin\" style=\"border-radius:10px;\"><a class=\"fusion-no-lightbox\" href=\"https:\/\/fencia.es\/info\/guias-inversion\/cesiones-de-remate\" target=\"_blank\" aria-label=\"Gu\u00eda de inversi\u00f3n en Cesiones de Remate\" rel=\"noopener noreferrer\"><img decoding=\"async\" width=\"1000\" height=\"500\" alt=\"Gu\u00eda de inversi\u00f3n en Cesiones de Remate\" src=\"https:\/\/fencia.es\/info\/wp-content\/uploads\/2025\/09\/Guia-de-inversion-en-Cesiones-de-Remate.jpg\" data-orig-src=\"https:\/\/fencia.es\/info\/wp-content\/uploads\/2025\/09\/Guia-de-inversion-en-Cesiones-de-Remate.jpg\" class=\"lazyload img-responsive wp-image-9331\" srcset=\"data:image\/svg+xml,%3Csvg%20xmlns%3D%27http%3A%2F%2Fwww.w3.org%2F2000%2Fsvg%27%20width%3D%271000%27%20height%3D%27500%27%20viewBox%3D%270%200%201000%20500%27%3E%3Crect%20width%3D%271000%27%20height%3D%27500%27%20fill-opacity%3D%220%22%2F%3E%3C%2Fsvg%3E\" data-srcset=\"https:\/\/fencia.es\/info\/wp-content\/uploads\/2025\/09\/Guia-de-inversion-en-Cesiones-de-Remate-200x100.jpg 200w, https:\/\/fencia.es\/info\/wp-content\/uploads\/2025\/09\/Guia-de-inversion-en-Cesiones-de-Remate-400x200.jpg 400w, https:\/\/fencia.es\/info\/wp-content\/uploads\/2025\/09\/Guia-de-inversion-en-Cesiones-de-Remate-600x300.jpg 600w, https:\/\/fencia.es\/info\/wp-content\/uploads\/2025\/09\/Guia-de-inversion-en-Cesiones-de-Remate-800x400.jpg 800w, https:\/\/fencia.es\/info\/wp-content\/uploads\/2025\/09\/Guia-de-inversion-en-Cesiones-de-Remate.jpg 1000w\" data-sizes=\"auto\" data-orig-sizes=\"(max-width: 640px) 100vw, 400px\" \/><\/a><\/span><\/div><div class=\"fusion-text fusion-text-3\" style=\"--awb-content-alignment:justify;--awb-font-size:15px;--awb-line-height:1.5;--awb-text-transform:none;--awb-text-color:var(--awb-color5);--awb-margin-top:2%;--awb-text-font-family:&quot;Inter&quot;;--awb-text-font-style:normal;--awb-text-font-weight:400;\"><p>Aprende sobre la cesi\u00f3n de remate, una estrategia clave en las subastas. Nuestra gu\u00eda de inversi\u00f3n en cesi\u00f3n de remate te ayudar\u00e1 a tomar decisiones fundadas en el conocimiento.<\/p>\n<\/div><div style=\"text-align:center;\"><a class=\"fusion-button button-flat fusion-button-default-size button-default fusion-button-default button-2 fusion-button-default-span fusion-button-default-type\" style=\"--button_text_transform:none;--button_typography-font-family:&quot;Inter&quot;;--button_typography-font-style:normal;--button_typography-font-weight:400;--button_margin-top:3%;\" target=\"_self\" href=\"https:\/\/fencia.es\/info\/guias-inversion\/cesiones-de-remate\"><span class=\"fusion-button-text awb-button__text awb-button__text--default\">Leer la Gu\u00eda de Inversi\u00f3n<\/span><\/a><\/div><\/div><\/div><div class=\"fusion-layout-column fusion_builder_column_inner fusion-builder-nested-column-2 fusion_builder_column_inner_1_3 1_3 fusion-flex-column fusion-flex-align-self-stretch\" style=\"--awb-bg-size:cover;--awb-width-large:33.333333333333%;--awb-margin-top-large:16px;--awb-spacing-right-large:5.76%;--awb-margin-bottom-large:16px;--awb-spacing-left-large:5.76%;--awb-width-medium:33.333333333333%;--awb-order-medium:0;--awb-spacing-right-medium:5.76%;--awb-spacing-left-medium:5.76%;--awb-width-small:100%;--awb-order-small:0;--awb-spacing-right-small:1.92%;--awb-spacing-left-small:1.92%;\"><div class=\"fusion-column-wrapper fusion-column-has-shadow fusion-flex-justify-content-flex-start fusion-content-layout-column\"><div class=\"fusion-image-element \" style=\"text-align:center;--awb-margin-bottom:1%;--awb-caption-title-font-family:var(--h2_typography-font-family);--awb-caption-title-font-weight:var(--h2_typography-font-weight);--awb-caption-title-font-style:var(--h2_typography-font-style);--awb-caption-title-size:var(--h2_typography-font-size);--awb-caption-title-transform:var(--h2_typography-text-transform);--awb-caption-title-line-height:var(--h2_typography-line-height);--awb-caption-title-letter-spacing:var(--h2_typography-letter-spacing);\"><span class=\" fusion-imageframe imageframe-none imageframe-3 hover-type-zoomin\" style=\"border-radius:10px;\"><a class=\"fusion-no-lightbox\" href=\"https:\/\/fencia.es\/info\/guias-inversion\/subastas-publicas-y-privadas\" target=\"_blank\" aria-label=\"Gu\u00eda de inversi\u00f3n en Subastas p\u00fablicas del BOE\" rel=\"noopener noreferrer\"><img decoding=\"async\" width=\"1000\" height=\"500\" alt=\"Gu\u00eda de inversi\u00f3n en Subastas p\u00fablicas del BOE\" src=\"https:\/\/fencia.es\/info\/wp-content\/uploads\/2025\/09\/Guia-de-inversion-en-Subastas-publicas-del-BOE.jpg\" data-orig-src=\"https:\/\/fencia.es\/info\/wp-content\/uploads\/2025\/09\/Guia-de-inversion-en-Subastas-publicas-del-BOE.jpg\" class=\"lazyload img-responsive wp-image-9314\" srcset=\"data:image\/svg+xml,%3Csvg%20xmlns%3D%27http%3A%2F%2Fwww.w3.org%2F2000%2Fsvg%27%20width%3D%271000%27%20height%3D%27500%27%20viewBox%3D%270%200%201000%20500%27%3E%3Crect%20width%3D%271000%27%20height%3D%27500%27%20fill-opacity%3D%220%22%2F%3E%3C%2Fsvg%3E\" data-srcset=\"https:\/\/fencia.es\/info\/wp-content\/uploads\/2025\/09\/Guia-de-inversion-en-Subastas-publicas-del-BOE-200x100.jpg 200w, https:\/\/fencia.es\/info\/wp-content\/uploads\/2025\/09\/Guia-de-inversion-en-Subastas-publicas-del-BOE-400x200.jpg 400w, https:\/\/fencia.es\/info\/wp-content\/uploads\/2025\/09\/Guia-de-inversion-en-Subastas-publicas-del-BOE-600x300.jpg 600w, https:\/\/fencia.es\/info\/wp-content\/uploads\/2025\/09\/Guia-de-inversion-en-Subastas-publicas-del-BOE-800x400.jpg 800w, https:\/\/fencia.es\/info\/wp-content\/uploads\/2025\/09\/Guia-de-inversion-en-Subastas-publicas-del-BOE.jpg 1000w\" data-sizes=\"auto\" data-orig-sizes=\"(max-width: 640px) 100vw, 400px\" \/><\/a><\/span><\/div><div class=\"fusion-text fusion-text-4\" style=\"--awb-content-alignment:justify;--awb-font-size:15px;--awb-line-height:1.5;--awb-text-transform:none;--awb-text-color:var(--awb-color5);--awb-margin-top:2%;--awb-text-font-family:&quot;Inter&quot;;--awb-text-font-style:normal;--awb-text-font-weight:400;\"><p>Descarga nuestra gu\u00eda de inversiones inmobiliarias en subastas p\u00fablicas del BOE. Una herramienta imprescindible para asegurarte de que cada inversi\u00f3n cumple tus expectativas.<\/p>\n<\/div><div style=\"text-align:center;\"><a class=\"fusion-button button-flat fusion-button-default-size button-default fusion-button-default button-3 fusion-button-default-span fusion-button-default-type\" style=\"--button_text_transform:none;--button_typography-font-family:&quot;Inter&quot;;--button_typography-font-style:normal;--button_typography-font-weight:400;--button_margin-top:3%;\" target=\"_self\" href=\"https:\/\/fencia.es\/info\/guias-inversion\/subastas-publicas-boe\"><span class=\"fusion-button-text awb-button__text awb-button__text--default\">Leer la Gu\u00eda de Inversi\u00f3n<\/span><\/a><\/div><\/div><\/div><\/div><\/div><\/div><\/div><\/div>\n<\/p>\n","protected":false},"excerpt":{"rendered":"","protected":false},"author":8,"featured_media":0,"parent":0,"menu_order":0,"comment_status":"closed","ping_status":"closed","template":"100-width.php","meta":{"content-type":"","footnotes":""},"class_list":["post-8631","page","type-page","status-publish","hentry"],"_links":{"self":[{"href":"https:\/\/fencia.es\/info\/wp-json\/wp\/v2\/pages\/8631","targetHints":{"allow":["GET"]}}],"collection":[{"href":"https:\/\/fencia.es\/info\/wp-json\/wp\/v2\/pages"}],"about":[{"href":"https:\/\/fencia.es\/info\/wp-json\/wp\/v2\/types\/page"}],"author":[{"embeddable":true,"href":"https:\/\/fencia.es\/info\/wp-json\/wp\/v2\/users\/8"}],"replies":[{"embeddable":true,"href":"https:\/\/fencia.es\/info\/wp-json\/wp\/v2\/comments?post=8631"}],"version-history":[{"count":5,"href":"https:\/\/fencia.es\/info\/wp-json\/wp\/v2\/pages\/8631\/revisions"}],"predecessor-version":[{"id":11211,"href":"https:\/\/fencia.es\/info\/wp-json\/wp\/v2\/pages\/8631\/revisions\/11211"}],"wp:attachment":[{"href":"https:\/\/fencia.es\/info\/wp-json\/wp\/v2\/media?parent=8631"}],"curies":[{"name":"wp","href":"https:\/\/api.w.org\/{rel}","templated":true}]}}